{"id":892,"date":"2019-03-08T11:23:02","date_gmt":"2019-03-08T14:23:02","guid":{"rendered":"http:\/\/www.vinyesocults.com\/wp\/?page_id=892"},"modified":"2019-03-15T12:38:09","modified_gmt":"2019-03-15T15:38:09","slug":"vinyesviognier","status":"publish","type":"page","link":"https:\/\/www.vinyesocults.com\/wp\/vinyesviognier\/","title":{"rendered":"VinyesViognier"},"content":{"rendered":"<p>[et_pb_section bb_built=&#8221;1&#8243; next_background_color=&#8221;#000000&#8243; _builder_version=&#8221;3.19.14&#8243; background_image=&#8221;http:\/\/www.vinyesocults.com\/wp\/wp-content\/uploads\/2019\/03\/7X1A8133-1.jpg&#8221;][et_pb_row _builder_version=&#8221;3.19.14&#8243;][et_pb_column type=&#8221;2_5&#8243;][et_pb_image src=&#8221;http:\/\/www.vinyesocults.com\/wp\/wp-content\/uploads\/2019\/03\/Viognier-1.png&#8221; _builder_version=&#8221;3.19.14&#8243; max_width=&#8221;50%&#8221; \/][\/et_pb_column][et_pb_column type=&#8221;3_5&#8243;][et_pb_text _builder_version=&#8221;3.19.14&#8243; text_font=&#8221;Avenir Condensed||||||||&#8221; text_text_color=&#8221;#afafaf&#8221; text_font_size=&#8221;18px&#8221; header_font=&#8221;Gilroy ExtraBold||||||||&#8221; header_text_align=&#8221;left&#8221; header_text_color=&#8221;#ffffff&#8221; header_font_size=&#8221;38px&#8221; header_font_size_last_edited=&#8221;on|phone&#8221; header_3_font=&#8221;Gilroy ExtraBold||||||||&#8221; header_3_text_color=&#8221;#ffffff&#8221; header_3_font_size=&#8221;18px&#8221;]<\/p>\n<h1>VIOGNIER<\/h1>\n<p>&nbsp;<\/p>\n<p>&nbsp;<\/p>\n<h3>DESCRIPCI\u00d3N DEL VINO<\/h3>\n<div><\/div>\n<div>\n<div>\n<h3>EN\u00d3LOGO<\/h3>\n<p>Tom\u00e1s Stahringer.<\/p>\n<h3>ORIGEN<\/h3>\n<p>Los Chacayes, Tunuy\u00e1n, a 110 msnm. Valle de Uco, Mendoza, Argentina.<\/p>\n<h3>CRIANZA<\/h3>\n<p>5% de la producci\u00f3n fue fermentado en barricas de roble franc\u00e9s.<\/p>\n<h3>COSECHA<\/h3>\n<p>Manual. Fecha: 28 de Febrero<\/p>\n<h3>SUELO<\/h3>\n<p>Arenoso de origen aluvional con presencia de limos, buena permisibilidad.<\/p>\n<h3>POTENCIAL DE GUARDA<\/h3>\n<p>2 &#8211; 3 a\u00f1os<\/p>\n<\/div>\n<\/div>\n<p>[\/et_pb_text][\/et_pb_column][\/et_pb_row][\/et_pb_section][et_pb_section bb_built=&#8221;1&#8243; prev_background_color=&#8221;#ffffff&#8221; _builder_version=&#8221;3.19.14&#8243; background_color=&#8221;#000000&#8243; custom_margin=&#8221;-300px||&#8221; custom_padding=&#8221;0|0px||0px|false|false&#8221; global_module=&#8221;721&#8243;][et_pb_row global_parent=&#8221;721&#8243; custom_padding=&#8221;53px|0px|27px|0px|false|false&#8221; custom_margin=&#8221;300px||&#8221; disabled_on=&#8221;on|on|off&#8221; _builder_version=&#8221;3.19.4&#8243;][et_pb_column type=&#8221;1_2&#8243;][et_pb_image global_parent=&#8221;721&#8243; src=&#8221;http:\/\/www.vinyesocults.com\/wp\/wp-content\/uploads\/2018\/12\/LOGO.png&#8221; _builder_version=&#8221;3.19.4&#8243; max_width=&#8221;60%&#8221; \/][et_pb_text global_parent=&#8221;721&#8243; _builder_version=&#8221;3.18.9&#8243; text_font=&#8221;Avenir Condensed||||||||&#8221; text_text_color=&#8221;#FFFFFF&#8221; text_font_size=&#8221;18px&#8221; header_font=&#8221;Gilroy ExtraBold||||||||&#8221; header_font_size=&#8221;48px&#8221; custom_margin=&#8221;||&#8221; custom_padding=&#8221;0px|35%||&#8221; custom_padding_tablet=&#8221;|30%||&#8221; custom_padding_phone=&#8221;|0%||&#8221; custom_padding_last_edited=&#8221;on|desktop&#8221;]<\/p>\n<p>E-mail contacto@vinyesocults.com<br \/>Tel\u00e9fono +54 0261 4960623<br \/>Movil +54 9 261 5332539<\/p>\n<p>[\/et_pb_text][\/et_pb_column][et_pb_column type=&#8221;1_2&#8243;][et_pb_social_media_follow global_parent=&#8221;721&#8243; _builder_version=&#8221;3.19.14&#8243; text_orientation=&#8221;right&#8221;][et_pb_social_media_follow_network social_network=&#8221;facebook&#8221; _builder_version=&#8221;3.19.14&#8243; border_radii=&#8221;on|350px|350px|350px|350px&#8221; border_width_all=&#8221;2px&#8221; border_color_all=&#8221;#FFFFFF&#8221; box_shadow_style=&#8221;preset1&#8243; follow_button=&#8221;off&#8221; url_new_window=&#8221;on&#8221; skype_action=&#8221;call&#8221; url=&#8221;https:\/\/www.facebook.com\/VinyesOcults\/&#8221; use_background_color_gradient=&#8221;off&#8221; background_color_gradient_start=&#8221;#2b87da&#8221; background_color_gradient_end=&#8221;#29c4a9&#8243; background_color_gradient_type=&#8221;linear&#8221; background_color_gradient_direction=&#8221;180deg&#8221; background_color_gradient_direction_radial=&#8221;center&#8221; background_color_gradient_start_position=&#8221;0%&#8221; background_color_gradient_end_position=&#8221;100%&#8221; background_color_gradient_overlays_image=&#8221;off&#8221; parallax=&#8221;off&#8221; parallax_method=&#8221;on&#8221; background_size=&#8221;cover&#8221; background_position=&#8221;center&#8221; background_repeat=&#8221;no-repeat&#8221; background_blend=&#8221;normal&#8221; allow_player_pause=&#8221;off&#8221; background_video_pause_outside_viewport=&#8221;on&#8221; box_shadow_horizontal=&#8221;0px&#8221; box_shadow_vertical=&#8221;2px&#8221; box_shadow_blur=&#8221;18px&#8221; box_shadow_spread=&#8221;0px&#8221; hover_transition_duration=&#8221;300ms&#8221; hover_transition_delay=&#8221;0ms&#8221; hover_transition_speed_curve=&#8221;ease&#8221;]<\/p>\n<p>facebook<\/p>\n<p>[\/et_pb_social_media_follow_network][et_pb_social_media_follow_network social_network=&#8221;instagram&#8221; _builder_version=&#8221;3.19.14&#8243; border_radii=&#8221;on|350px|350px|350px|350px&#8221; border_width_all=&#8221;2px&#8221; border_color_all=&#8221;#FFFFFF&#8221; follow_button=&#8221;off&#8221; url_new_window=&#8221;on&#8221; skype_action=&#8221;call&#8221; url=&#8221;https:\/\/www.instagram.com\/vinyesocults\/&#8221; use_background_color_gradient=&#8221;off&#8221; background_color_gradient_start=&#8221;#2b87da&#8221; background_color_gradient_end=&#8221;#29c4a9&#8243; background_color_gradient_type=&#8221;linear&#8221; background_color_gradient_direction=&#8221;180deg&#8221; background_color_gradient_direction_radial=&#8221;center&#8221; background_color_gradient_start_position=&#8221;0%&#8221; background_color_gradient_end_position=&#8221;100%&#8221; background_color_gradient_overlays_image=&#8221;off&#8221; parallax=&#8221;off&#8221; parallax_method=&#8221;on&#8221; background_size=&#8221;cover&#8221; background_position=&#8221;center&#8221; background_repeat=&#8221;no-repeat&#8221; background_blend=&#8221;normal&#8221; allow_player_pause=&#8221;off&#8221; background_video_pause_outside_viewport=&#8221;on&#8221; box_shadow_style=&#8221;none&#8221; hover_transition_duration=&#8221;300ms&#8221; hover_transition_delay=&#8221;0ms&#8221; hover_transition_speed_curve=&#8221;ease&#8221;]<\/p>\n<p>instagram<\/p>\n<p>[\/et_pb_social_media_follow_network][\/et_pb_social_media_follow][\/et_pb_column][\/et_pb_row][et_pb_row admin_label=&#8221;mobile&#8221; global_parent=&#8221;721&#8243; custom_margin=&#8221;300px||&#8221; disabled_on=&#8221;off|off|on&#8221; _builder_version=&#8221;3.19.14&#8243;][et_pb_column type=&#8221;4_4&#8243;][et_pb_image global_parent=&#8221;721&#8243; src=&#8221;http:\/\/www.vinyesocults.com\/wp\/wp-content\/uploads\/2018\/12\/LOGO.png&#8221; align=&#8221;center&#8221; _builder_version=&#8221;3.19.4&#8243; max_width=&#8221;60%&#8221; \/][et_pb_text global_parent=&#8221;721&#8243; _builder_version=&#8221;3.19.4&#8243; text_font=&#8221;Avenir Condensed||||||||&#8221; text_text_color=&#8221;#FFFFFF&#8221; text_font_size=&#8221;18px&#8221; header_font=&#8221;Gilroy ExtraBold||||||||&#8221; header_font_size=&#8221;48px&#8221; text_orientation=&#8221;justified&#8221; custom_margin=&#8221;||&#8221; custom_padding=&#8221;0px|15%||15%&#8221; custom_padding_tablet=&#8221;|30%||&#8221; custom_padding_phone=&#8221;|0%||&#8221; custom_padding_last_edited=&#8221;on|desktop&#8221;]<\/p>\n<p>E-mail contacto@vinyesocults.com<br \/>Tel\u00e9fono +54 0261 4960623<br \/>Movil +54 9 261 5332539<\/p>\n<p>[\/et_pb_text][et_pb_social_media_follow global_parent=&#8221;721&#8243; _builder_version=&#8221;3.19.14&#8243; text_orientation=&#8221;center&#8221;][et_pb_social_media_follow_network social_network=&#8221;facebook&#8221; _builder_version=&#8221;3.19.14&#8243; border_radii=&#8221;on|350px|350px|350px|350px&#8221; border_width_all=&#8221;2px&#8221; border_color_all=&#8221;#FFFFFF&#8221; box_shadow_style=&#8221;preset1&#8243; follow_button=&#8221;off&#8221; url_new_window=&#8221;on&#8221; skype_action=&#8221;call&#8221; url=&#8221;https:\/\/www.facebook.com\/VinyesOcults\/&#8221; use_background_color_gradient=&#8221;off&#8221; background_color_gradient_start=&#8221;#2b87da&#8221; background_color_gradient_end=&#8221;#29c4a9&#8243; background_color_gradient_type=&#8221;linear&#8221; background_color_gradient_direction=&#8221;180deg&#8221; background_color_gradient_direction_radial=&#8221;center&#8221; background_color_gradient_start_position=&#8221;0%&#8221; background_color_gradient_end_position=&#8221;100%&#8221; background_color_gradient_overlays_image=&#8221;off&#8221; parallax=&#8221;off&#8221; parallax_method=&#8221;on&#8221; background_size=&#8221;cover&#8221; background_position=&#8221;center&#8221; background_repeat=&#8221;no-repeat&#8221; background_blend=&#8221;normal&#8221; allow_player_pause=&#8221;off&#8221; background_video_pause_outside_viewport=&#8221;on&#8221; box_shadow_horizontal=&#8221;0px&#8221; box_shadow_vertical=&#8221;2px&#8221; box_shadow_blur=&#8221;18px&#8221; box_shadow_spread=&#8221;0px&#8221; hover_transition_duration=&#8221;300ms&#8221; hover_transition_delay=&#8221;0ms&#8221; hover_transition_speed_curve=&#8221;ease&#8221;]<\/p>\n<p>facebook<\/p>\n<p>[\/et_pb_social_media_follow_network][et_pb_social_media_follow_network social_network=&#8221;instagram&#8221; _builder_version=&#8221;3.19.14&#8243; border_radii=&#8221;on|350px|350px|350px|350px&#8221; border_width_all=&#8221;2px&#8221; border_color_all=&#8221;#FFFFFF&#8221; follow_button=&#8221;off&#8221; url_new_window=&#8221;on&#8221; skype_action=&#8221;call&#8221; url=&#8221;https:\/\/www.instagram.com\/vinyesocults\/&#8221; use_background_color_gradient=&#8221;off&#8221; background_color_gradient_start=&#8221;#2b87da&#8221; background_color_gradient_end=&#8221;#29c4a9&#8243; background_color_gradient_type=&#8221;linear&#8221; background_color_gradient_direction=&#8221;180deg&#8221; background_color_gradient_direction_radial=&#8221;center&#8221; background_color_gradient_start_position=&#8221;0%&#8221; background_color_gradient_end_position=&#8221;100%&#8221; background_color_gradient_overlays_image=&#8221;off&#8221; parallax=&#8221;off&#8221; parallax_method=&#8221;on&#8221; background_size=&#8221;cover&#8221; background_position=&#8221;center&#8221; background_repeat=&#8221;no-repeat&#8221; background_blend=&#8221;normal&#8221; allow_player_pause=&#8221;off&#8221; background_video_pause_outside_viewport=&#8221;on&#8221; box_shadow_style=&#8221;none&#8221; hover_transition_duration=&#8221;300ms&#8221; hover_transition_delay=&#8221;0ms&#8221; hover_transition_speed_curve=&#8221;ease&#8221;]<\/p>\n<p>instagram<\/p>\n<p>[\/et_pb_social_media_follow_network][\/et_pb_social_media_follow][\/et_pb_column][\/et_pb_row][\/et_pb_section]<\/p>\n","protected":false},"excerpt":{"rendered":"<p>[et_pb_section bb_built=&#8221;1&#8243; next_background_color=&#8221;#000000&#8243; _builder_version=&#8221;3.19.14&#8243; background_image=&#8221;http:\/\/www.vinyesocults.com\/wp\/wp-content\/uploads\/2019\/03\/7X1A8133-1.jpg&#8221;][et_pb_row _builder_version=&#8221;3.19.14&#8243;][et_pb_column type=&#8221;2_5&#8243;][et_pb_image src=&#8221;http:\/\/www.vinyesocults.com\/wp\/wp-content\/uploads\/2019\/03\/Viognier-1.png&#8221; _builder_version=&#8221;3.19.14&#8243; max_width=&#8221;50%&#8221; \/][\/et_pb_column][et_pb_column type=&#8221;3_5&#8243;][et_pb_text _builder_version=&#8221;3.19.14&#8243; text_font=&#8221;Avenir Condensed||||||||&#8221; text_text_color=&#8221;#afafaf&#8221; text_font_size=&#8221;18px&#8221; header_font=&#8221;Gilroy ExtraBold||||||||&#8221; header_text_align=&#8221;left&#8221; header_text_color=&#8221;#ffffff&#8221; header_font_size=&#8221;38px&#8221; header_font_size_last_edited=&#8221;on|phone&#8221; header_3_font=&#8221;Gilroy ExtraBold||||||||&#8221; header_3_text_color=&#8221;#ffffff&#8221; header_3_font_size=&#8221;18px&#8221;] VIOGNIER &nbsp; &nbsp; DESCRIPCI\u00d3N DEL VINO EN\u00d3LOGO Tom\u00e1s Stahringer. ORIGEN Los Chacayes, Tunuy\u00e1n, a 110 msnm. Valle de Uco, Mendoza, Argentina. CRIANZA 5% de la producci\u00f3n fue fermentado [&hellip;]<\/p>\n","protected":false},"author":1,"featured_media":0,"parent":0,"menu_order":0,"comment_status":"closed","ping_status":"closed","template":"","meta":{"_et_pb_use_builder":"on","_et_pb_old_content":"","_et_gb_content_width":""},"_links":{"self":[{"href":"https:\/\/www.vinyesocults.com\/wp\/wp-json\/wp\/v2\/pages\/892"}],"collection":[{"href":"https:\/\/www.vinyesocults.com\/wp\/wp-json\/wp\/v2\/pages"}],"about":[{"href":"https:\/\/www.vinyesocults.com\/wp\/wp-json\/wp\/v2\/types\/page"}],"author":[{"embeddable":true,"href":"https:\/\/www.vinyesocults.com\/wp\/wp-json\/wp\/v2\/users\/1"}],"replies":[{"embeddable":true,"href":"https:\/\/www.vinyesocults.com\/wp\/wp-json\/wp\/v2\/comments?post=892"}],"version-history":[{"count":5,"href":"https:\/\/www.vinyesocults.com\/wp\/wp-json\/wp\/v2\/pages\/892\/revisions"}],"predecessor-version":[{"id":1064,"href":"https:\/\/www.vinyesocults.com\/wp\/wp-json\/wp\/v2\/pages\/892\/revisions\/1064"}],"wp:attachment":[{"href":"https:\/\/www.vinyesocults.com\/wp\/wp-json\/wp\/v2\/media?parent=892"}],"curies":[{"name":"wp","href":"https:\/\/api.w.org\/{rel}","templated":true}]}}